{"id":17,"date":"2021-05-20T21:29:34","date_gmt":"2021-05-20T19:29:34","guid":{"rendered":"http:\/\/massages-shiatsu.fr\/?page_id=17"},"modified":"2023-08-28T12:46:36","modified_gmt":"2023-08-28T10:46:36","slug":"accueil","status":"publish","type":"page","link":"https:\/\/massages-shiatsu.fr\/","title":{"rendered":"Accueil"},"content":{"rendered":"\n<p>Bienvenue sur votre site&nbsp;! C\u2019est votre page d\u2019accueil que vos visiteurs verront lorsqu\u2019ils arriveront sur votre site la premi\u00e8re fois.<\/p>\n","protected":false},"excerpt":{"rendered":"<p>Bienvenue sur votre site&nbsp;! C\u2019est votre page d\u2019accueil que vos visiteurs verront lorsqu\u2019ils arriveront sur votre site la premi\u00e8re fois.<\/p>\n","protected":false},"author":1,"featured_media":0,"parent":0,"menu_order":0,"comment_status":"closed","ping_status":"closed","template":"","meta":{"footnotes":""},"class_list":["post-17","page","type-page","status-publish","hentry"],"yoast_head":"<!-- This site is optimized with the Yoast SEO plugin v24.8.1 - https:\/\/yoast.com\/wordpress\/plugins\/seo\/ -->\n<title>Accueil - Massages-Shiatsu<\/title>\n<meta name=\"description\" content=\"Massage Shiatsu bien \u00eatre et th\u00e9rapeutique \u00e0 Saint Genis Pouilly dans le Pays de Gex\" \/>\n<meta name=\"robots\" content=\"index, follow, max-snippet:-1, max-image-preview:large, max-video-preview:-1\" \/>\n<link rel=\"canonical\" href=\"http:\/\/massages-shiatsu.fr\/\" \/>\n<meta property=\"og:locale\" content=\"en_US\" \/>\n<meta property=\"og:type\" content=\"article\" \/>\n<meta property=\"og:title\" content=\"Accueil - Massages-Shiatsu\" \/>\n<meta property=\"og:description\" content=\"Massage Shiatsu bien \u00eatre et th\u00e9rapeutique \u00e0 Saint Genis Pouilly dans le Pays de Gex\" \/>\n<meta property=\"og:url\" content=\"http:\/\/massages-shiatsu.fr\/\" \/>\n<meta property=\"og:site_name\" content=\"Massages-Shiatsu\" \/>\n<meta property=\"article:modified_time\" content=\"2023-08-28T10:46:36+00:00\" \/>\n<meta name=\"twitter:card\" content=\"summary_large_image\" \/>\n<meta name=\"twitter:label1\" content=\"Est. reading time\" \/>\n\t<meta name=\"twitter:data1\" content=\"1 minute\" \/>\n<script type=\"application\/ld+json\" class=\"yoast-schema-graph\">{\"@context\":\"https:\/\/schema.org\",\"@graph\":[{\"@type\":\"WebPage\",\"@id\":\"http:\/\/massages-shiatsu.fr\/\",\"url\":\"http:\/\/massages-shiatsu.fr\/\",\"name\":\"Accueil - Massages-Shiatsu\",\"isPartOf\":{\"@id\":\"http:\/\/massages-shiatsu.fr\/#website\"},\"datePublished\":\"2021-05-20T19:29:34+00:00\",\"dateModified\":\"2023-08-28T10:46:36+00:00\",\"description\":\"Massage Shiatsu bien \u00eatre et th\u00e9rapeutique \u00e0 Saint Genis Pouilly dans le Pays de Gex\",\"breadcrumb\":{\"@id\":\"http:\/\/massages-shiatsu.fr\/#breadcrumb\"},\"inLanguage\":\"en-US\",\"potentialAction\":[{\"@type\":\"ReadAction\",\"target\":[\"http:\/\/massages-shiatsu.fr\/\"]}]},{\"@type\":\"BreadcrumbList\",\"@id\":\"http:\/\/massages-shiatsu.fr\/#breadcrumb\",\"itemListElement\":[{\"@type\":\"ListItem\",\"position\":1,\"name\":\"Home\",\"item\":\"http:\/\/massages-shiatsu.fr\/\"},{\"@type\":\"ListItem\",\"position\":2,\"name\":\"Accueil\"}]},{\"@type\":\"WebSite\",\"@id\":\"http:\/\/massages-shiatsu.fr\/#website\",\"url\":\"http:\/\/massages-shiatsu.fr\/\",\"name\":\"Massages-Shiatsu\",\"description\":\"Virginie CHARLIER\",\"publisher\":{\"@id\":\"http:\/\/massages-shiatsu.fr\/#organization\"},\"potentialAction\":[{\"@type\":\"SearchAction\",\"target\":{\"@type\":\"EntryPoint\",\"urlTemplate\":\"http:\/\/massages-shiatsu.fr\/?s={search_term_string}\"},\"query-input\":{\"@type\":\"PropertyValueSpecification\",\"valueRequired\":true,\"valueName\":\"search_term_string\"}}],\"inLanguage\":\"en-US\"},{\"@type\":\"Organization\",\"@id\":\"http:\/\/massages-shiatsu.fr\/#organization\",\"name\":\"Massages-Shiatsu\",\"url\":\"http:\/\/massages-shiatsu.fr\/\",\"logo\":{\"@type\":\"ImageObject\",\"inLanguage\":\"en-US\",\"@id\":\"http:\/\/massages-shiatsu.fr\/#\/schema\/logo\/image\/\",\"url\":\"https:\/\/massages-shiatsu.fr\/wp-content\/uploads\/2021\/06\/Logo-Site2.png\",\"contentUrl\":\"https:\/\/massages-shiatsu.fr\/wp-content\/uploads\/2021\/06\/Logo-Site2.png\",\"width\":80,\"height\":59,\"caption\":\"Massages-Shiatsu\"},\"image\":{\"@id\":\"http:\/\/massages-shiatsu.fr\/#\/schema\/logo\/image\/\"}}]}<\/script>\n<!-- \/ Yoast SEO plugin. -->","yoast_head_json":{"title":"Accueil - Massages-Shiatsu","description":"Massage Shiatsu bien \u00eatre et th\u00e9rapeutique \u00e0 Saint Genis Pouilly dans le Pays de Gex","robots":{"index":"index","follow":"follow","max-snippet":"max-snippet:-1","max-image-preview":"max-image-preview:large","max-video-preview":"max-video-preview:-1"},"canonical":"http:\/\/massages-shiatsu.fr\/","og_locale":"en_US","og_type":"article","og_title":"Accueil - Massages-Shiatsu","og_description":"Massage Shiatsu bien \u00eatre et th\u00e9rapeutique \u00e0 Saint Genis Pouilly dans le Pays de Gex","og_url":"http:\/\/massages-shiatsu.fr\/","og_site_name":"Massages-Shiatsu","article_modified_time":"2023-08-28T10:46:36+00:00","twitter_card":"summary_large_image","twitter_misc":{"Est. reading time":"1 minute"},"schema":{"@context":"https:\/\/schema.org","@graph":[{"@type":"WebPage","@id":"http:\/\/massages-shiatsu.fr\/","url":"http:\/\/massages-shiatsu.fr\/","name":"Accueil - Massages-Shiatsu","isPartOf":{"@id":"http:\/\/massages-shiatsu.fr\/#website"},"datePublished":"2021-05-20T19:29:34+00:00","dateModified":"2023-08-28T10:46:36+00:00","description":"Massage Shiatsu bien \u00eatre et th\u00e9rapeutique \u00e0 Saint Genis Pouilly dans le Pays de Gex","breadcrumb":{"@id":"http:\/\/massages-shiatsu.fr\/#breadcrumb"},"inLanguage":"en-US","potentialAction":[{"@type":"ReadAction","target":["http:\/\/massages-shiatsu.fr\/"]}]},{"@type":"BreadcrumbList","@id":"http:\/\/massages-shiatsu.fr\/#breadcrumb","itemListElement":[{"@type":"ListItem","position":1,"name":"Home","item":"http:\/\/massages-shiatsu.fr\/"},{"@type":"ListItem","position":2,"name":"Accueil"}]},{"@type":"WebSite","@id":"http:\/\/massages-shiatsu.fr\/#website","url":"http:\/\/massages-shiatsu.fr\/","name":"Massages-Shiatsu","description":"Virginie CHARLIER","publisher":{"@id":"http:\/\/massages-shiatsu.fr\/#organization"},"potentialAction":[{"@type":"SearchAction","target":{"@type":"EntryPoint","urlTemplate":"http:\/\/massages-shiatsu.fr\/?s={search_term_string}"},"query-input":{"@type":"PropertyValueSpecification","valueRequired":true,"valueName":"search_term_string"}}],"inLanguage":"en-US"},{"@type":"Organization","@id":"http:\/\/massages-shiatsu.fr\/#organization","name":"Massages-Shiatsu","url":"http:\/\/massages-shiatsu.fr\/","logo":{"@type":"ImageObject","inLanguage":"en-US","@id":"http:\/\/massages-shiatsu.fr\/#\/schema\/logo\/image\/","url":"https:\/\/massages-shiatsu.fr\/wp-content\/uploads\/2021\/06\/Logo-Site2.png","contentUrl":"https:\/\/massages-shiatsu.fr\/wp-content\/uploads\/2021\/06\/Logo-Site2.png","width":80,"height":59,"caption":"Massages-Shiatsu"},"image":{"@id":"http:\/\/massages-shiatsu.fr\/#\/schema\/logo\/image\/"}}]}},"_links":{"self":[{"href":"https:\/\/massages-shiatsu.fr\/index.php\/wp-json\/wp\/v2\/pages\/17","targetHints":{"allow":["GET"]}}],"collection":[{"href":"https:\/\/massages-shiatsu.fr\/index.php\/wp-json\/wp\/v2\/pages"}],"about":[{"href":"https:\/\/massages-shiatsu.fr\/index.php\/wp-json\/wp\/v2\/types\/page"}],"author":[{"embeddable":true,"href":"https:\/\/massages-shiatsu.fr\/index.php\/wp-json\/wp\/v2\/users\/1"}],"replies":[{"embeddable":true,"href":"https:\/\/massages-shiatsu.fr\/index.php\/wp-json\/wp\/v2\/comments?post=17"}],"version-history":[{"count":2,"href":"https:\/\/massages-shiatsu.fr\/index.php\/wp-json\/wp\/v2\/pages\/17\/revisions"}],"predecessor-version":[{"id":166,"href":"https:\/\/massages-shiatsu.fr\/index.php\/wp-json\/wp\/v2\/pages\/17\/revisions\/166"}],"wp:attachment":[{"href":"https:\/\/massages-shiatsu.fr\/index.php\/wp-json\/wp\/v2\/media?parent=17"}],"curies":[{"name":"wp","href":"https:\/\/api.w.org\/{rel}","templated":true}]}}